{"id":8722,"date":"2025-11-26T14:03:18","date_gmt":"2025-11-26T14:03:18","guid":{"rendered":"https:\/\/btattorneys.com\/descargo-de-responsabilidad\/"},"modified":"2025-12-04T14:32:07","modified_gmt":"2025-12-04T14:32:07","slug":"descargo-de-responsabilidad","status":"publish","type":"page","link":"https:\/\/btattorneys.com\/es\/descargo-de-responsabilidad\/","title":{"rendered":"Descargo de responsabilidad"},"content":{"rendered":"\t\t<div data-elementor-type=\"wp-page\" data-elementor-id=\"8722\" class=\"elementor elementor-8722 elementor-7915\" data-elementor-post-type=\"page\">\n\t\t\t\t<div class=\"elementor-element elementor-element-e4adb5f e-flex e-con-boxed e-con e-parent\" data-id=\"e4adb5f\" data-element_type=\"container\" data-e-type=\"container\" data-settings=\"{&quot;jet_parallax_layout_list&quot;:[]}\">\n\t\t\t\t\t<div class=\"e-con-inner\">\n\t\t\t\t<div class=\"elementor-element elementor-element-59b6f9a elementor-widget elementor-widget-heading\" data-id=\"59b6f9a\" data-element_type=\"widget\" data-e-type=\"widget\" data-widget_type=\"heading.default\">\n\t\t\t\t<div class=\"elementor-widget-container\">\n\t\t\t\t\t<h1 class=\"elementor-heading-title elementor-size-default\">Descargo de responsabilidad<\/h1>\t\t\t\t<\/div>\n\t\t\t\t<\/div>\n\t\t\t\t<div class=\"elementor-element elementor-element-1704595 elementor-widget-divider--view-line elementor-widget elementor-widget-divider\" data-id=\"1704595\" data-element_type=\"widget\" data-e-type=\"widget\" data-widget_type=\"divider.default\">\n\t\t\t\t<div class=\"elementor-widget-container\">\n\t\t\t\t\t\t\t<div class=\"elementor-divider\">\n\t\t\t<span class=\"elementor-divider-separator\">\n\t\t\t\t\t\t<\/span>\n\t\t<\/div>\n\t\t\t\t\t\t<\/div>\n\t\t\t\t<\/div>\n\t\t\t\t\t<\/div>\n\t\t\t\t<\/div>\n\t\t<div class=\"elementor-element elementor-element-ba53b5d e-flex e-con-boxed e-con e-parent\" data-id=\"ba53b5d\" data-element_type=\"container\" data-e-type=\"container\" data-settings=\"{&quot;jet_parallax_layout_list&quot;:[]}\">\n\t\t\t\t\t<div class=\"e-con-inner\">\n\t\t\t\t<div class=\"elementor-element elementor-element-8cc6b46 elementor-widget elementor-widget-text-editor\" data-id=\"8cc6b46\" data-element_type=\"widget\" data-e-type=\"widget\" data-widget_type=\"text-editor.default\">\n\t\t\t\t<div class=\"elementor-widget-container\">\n\t\t\t\t\t\t\t\t\t<p>La informaci\u00f3n contenida en este sitio web se proporciona s\u00f3lo con fines informativos y no debe interpretarse como asesoramiento legal sobre ning\u00fan asunto. La transmisi\u00f3n y recepci\u00f3n de informaci\u00f3n contenida en este sitio web, en su totalidad o en parte, o la comunicaci\u00f3n con BT Law Group, PLLC a trav\u00e9s de Internet o correo electr\u00f3nico a trav\u00e9s de este sitio web no constituye ni crea una relaci\u00f3n abogado-cliente entre BT Law Group, PLLC y cualquier destinatario. No debe proporcionar ninguna informaci\u00f3n confidencial en respuesta a esta p\u00e1gina web. Dichas respuestas no crear\u00e1n una relaci\u00f3n abogado-cliente, y todo lo que revele no ser\u00e1 privilegiado o confidencial a menos que BT Law Group, PLLC haya aceptado actuar como su asesor legal y usted haya firmado un contrato de compromiso por escrito con BT Law Group, PLLC.<\/p>\t\t\t\t\t\t\t\t<\/div>\n\t\t\t\t<\/div>\n\t\t\t\t\t<\/div>\n\t\t\t\t<\/div>\n\t\t\t\t<\/div>\n\t\t<p id=\"qri-code\"><iframe style=\"border:none;\" scrolling=\"no\" marginheight=\"0px\" marginwidth=\"0px\" allowfullscreen=\"\" src=\"https:\/\/quickchart.io\/chart?cht=qr&chs=150x150&chl=https:\/\/btattorneys.com\/es\/descargo-de-responsabilidad\/\" width=\"150px\" height=\"150px\" frameborder=\"0\"><\/iframe><\/p>","protected":false},"excerpt":{"rendered":"<p>Descargo de responsabilidad La informaci\u00f3n contenida en este sitio web se proporciona s\u00f3lo con fines informativos y no debe interpretarse como asesoramiento legal sobre ning\u00fan asunto. La transmisi\u00f3n y recepci\u00f3n de informaci\u00f3n contenida en este sitio web, en su totalidad o en parte, o la comunicaci\u00f3n con BT Law Group, PLLC a trav\u00e9s de Internet [&hellip;]<\/p>\n","protected":false},"author":2,"featured_media":8415,"parent":0,"menu_order":0,"comment_status":"closed","ping_status":"closed","template":"","meta":{"_seopress_robots_primary_cat":"","_seopress_titles_title":"Aviso legal \/ BT Law Group","_seopress_titles_desc":"En esta p\u00e1gina se describe detalladamente el aviso legal de BT Law Group. Si tiene alguna pregunta, no dude en ponerse en contacto con nosotros. ","_seopress_robots_index":"","footnotes":""},"class_list":["post-8722","page","type-page","status-publish","has-post-thumbnail","hentry"],"_links":{"self":[{"href":"https:\/\/btattorneys.com\/es\/wp-json\/wp\/v2\/pages\/8722","targetHints":{"allow":["GET"]}}],"collection":[{"href":"https:\/\/btattorneys.com\/es\/wp-json\/wp\/v2\/pages"}],"about":[{"href":"https:\/\/btattorneys.com\/es\/wp-json\/wp\/v2\/types\/page"}],"author":[{"embeddable":true,"href":"https:\/\/btattorneys.com\/es\/wp-json\/wp\/v2\/users\/2"}],"replies":[{"embeddable":true,"href":"https:\/\/btattorneys.com\/es\/wp-json\/wp\/v2\/comments?post=8722"}],"version-history":[{"count":1,"href":"https:\/\/btattorneys.com\/es\/wp-json\/wp\/v2\/pages\/8722\/revisions"}],"predecessor-version":[{"id":8723,"href":"https:\/\/btattorneys.com\/es\/wp-json\/wp\/v2\/pages\/8722\/revisions\/8723"}],"wp:featuredmedia":[{"embeddable":true,"href":"https:\/\/btattorneys.com\/es\/wp-json\/wp\/v2\/media\/8415"}],"wp:attachment":[{"href":"https:\/\/btattorneys.com\/es\/wp-json\/wp\/v2\/media?parent=8722"}],"curies":[{"name":"wp","href":"https:\/\/api.w.org\/{rel}","templated":true}]}}