{"id":8574,"date":"2025-11-24T17:10:48","date_gmt":"2025-11-24T17:10:48","guid":{"rendered":"https:\/\/btattorneys.com\/politica-de-privacidad\/"},"modified":"2025-12-04T12:15:21","modified_gmt":"2025-12-04T12:15:21","slug":"politica-de-privacidad","status":"publish","type":"page","link":"https:\/\/btattorneys.com\/es\/politica-de-privacidad\/","title":{"rendered":"Pol\u00edtica de privacidad"},"content":{"rendered":"\t\t<div data-elementor-type=\"wp-page\" data-elementor-id=\"8574\" class=\"elementor elementor-8574 elementor-7415\" data-elementor-post-type=\"page\">\n\t\t\t\t<div class=\"elementor-element elementor-element-e4adb5f e-flex e-con-boxed e-con e-parent\" data-id=\"e4adb5f\" data-element_type=\"container\" data-e-type=\"container\" data-settings=\"{&quot;jet_parallax_layout_list&quot;:[]}\">\n\t\t\t\t\t<div class=\"e-con-inner\">\n\t\t\t\t<div class=\"elementor-element elementor-element-59b6f9a elementor-widget elementor-widget-heading\" data-id=\"59b6f9a\" data-element_type=\"widget\" data-e-type=\"widget\" data-widget_type=\"heading.default\">\n\t\t\t\t<div class=\"elementor-widget-container\">\n\t\t\t\t\t<h1 class=\"elementor-heading-title elementor-size-default\">Pol\u00edtica de privacidad<\/h1>\t\t\t\t<\/div>\n\t\t\t\t<\/div>\n\t\t\t\t<div class=\"elementor-element elementor-element-b050290 elementor-widget elementor-widget-text-editor\" data-id=\"b050290\" data-element_type=\"widget\" data-e-type=\"widget\" data-widget_type=\"text-editor.default\">\n\t\t\t\t<div class=\"elementor-widget-container\">\n\t\t\t\t\t\t\t\t\t<p>\u00daltima actualizaci\u00f3n: 25 de julio de 2025<\/p>\t\t\t\t\t\t\t\t<\/div>\n\t\t\t\t<\/div>\n\t\t\t\t<div class=\"elementor-element elementor-element-1704595 elementor-widget-divider--view-line elementor-widget elementor-widget-divider\" data-id=\"1704595\" data-element_type=\"widget\" data-e-type=\"widget\" data-widget_type=\"divider.default\">\n\t\t\t\t<div class=\"elementor-widget-container\">\n\t\t\t\t\t\t\t<div class=\"elementor-divider\">\n\t\t\t<span class=\"elementor-divider-separator\">\n\t\t\t\t\t\t<\/span>\n\t\t<\/div>\n\t\t\t\t\t\t<\/div>\n\t\t\t\t<\/div>\n\t\t\t\t\t<\/div>\n\t\t\t\t<\/div>\n\t\t<div class=\"elementor-element elementor-element-ba53b5d e-flex e-con-boxed e-con e-parent\" data-id=\"ba53b5d\" data-element_type=\"container\" data-e-type=\"container\" data-settings=\"{&quot;jet_parallax_layout_list&quot;:[]}\">\n\t\t\t\t\t<div class=\"e-con-inner\">\n\t\t\t\t<div class=\"elementor-element elementor-element-8cc6b46 elementor-widget elementor-widget-text-editor\" data-id=\"8cc6b46\" data-element_type=\"widget\" data-e-type=\"widget\" data-widget_type=\"text-editor.default\">\n\t\t\t\t<div class=\"elementor-widget-container\">\n\t\t\t\t\t\t\t\t\t<p>BT Law Group (\u201cfirma\u201d o \u201cnosotros\u201d) respeta su privacidad y busca protegerla cumpliendo con esta pol\u00edtica.<\/p><h3>Su aceptaci\u00f3n de esta pol\u00edtica<\/h3><p>Al utilizar este sitio web, usted acepta nuestra pol\u00edtica de privacidad. Esta pol\u00edtica se aplica \u00fanicamente a la informaci\u00f3n recopilada a trav\u00e9s de nuestro sitio web y no a la informaci\u00f3n recopilada fuera de l\u00ednea. <\/p><h3>Recopilaci\u00f3n de informaci\u00f3n<\/h3><p>BT Law Group recibe y registra autom\u00e1ticamente informaci\u00f3n de su ordenador y navegador, incluyendo su direcci\u00f3n IP, informaci\u00f3n de cookies, atributos de software y hardware, y la p\u00e1gina que solicita. Tambi\u00e9n podemos ver c\u00f3mo los visitantes accedieron al sitio, qu\u00e9 p\u00e1ginas del sitio visitaron y la duraci\u00f3n de la visita a la p\u00e1gina. <\/p><p>Adem\u00e1s, en ciertas \u00e1reas de este sitio web, le solicitamos que nos proporcione informaci\u00f3n de identificaci\u00f3n personal para poder utilizar esa parte del sitio web. Por ejemplo, le pedimos su nombre, direcci\u00f3n de correo electr\u00f3nico y otra informaci\u00f3n personal cuando rellena un formulario de contacto. Utilizamos esta informaci\u00f3n para ponernos en contacto con usted con una respuesta a su env\u00edo y para comunicarnos con usted en el futuro.  <\/p><h3>Uso de la informaci\u00f3n<\/h3><p>Utilizamos esta informaci\u00f3n para los siguientes fines generales: para satisfacer sus solicitudes de productos y servicios, mejorar nuestros servicios, ponernos en contacto con usted, realizar investigaciones y proporcionar informes an\u00f3nimos para clientes internos y externos.<\/p><p>BT Law Group no alquila, vende ni comparte informaci\u00f3n personal sobre usted para ning\u00fan otro prop\u00f3sito, excepto cuando tenemos su permiso o en las siguientes circunstancias:<br>Respondemos a citaciones, \u00f3rdenes judiciales o procesos legales, o para establecer o ejercer nuestros derechos legales o defender reclamaciones legales.<br>Transferimos informaci\u00f3n sobre usted si BT Law Group es adquirida o se fusiona con otra empresa.<\/p><h3>Derechos de privacidad de California<\/h3><p>Seg\u00fan la Secci\u00f3n 1798.83 del C\u00f3digo Civil de California, los residentes de California pueden solicitar cierta informaci\u00f3n sobre nuestra divulgaci\u00f3n de informaci\u00f3n personal a terceros. Para solicitar dicha informaci\u00f3n, escriba a la firma en 3050 Biscayne Blvd. Ste 205, Miami, FL 33137  <\/p><h3>Sitios externos<\/h3><p>Ocasionalmente, podemos enlazar a sitios web externos. No somos responsables del contenido de esos sitios externos y le aconsejamos que lea la pol\u00edtica de privacidad de dichos sitios antes de divulgar cualquier informaci\u00f3n personal. <\/p><h3>Funciones publicitarias de Google Analytics<\/h3><p>Tenemos habilitadas las funciones publicitarias de Google Analytics en el sitio, lo que nos permite recopilar datos sobre el tr\u00e1fico a este sitio a trav\u00e9s de las cookies publicitarias de Google y los identificadores an\u00f3nimos. No facilitaremos la fusi\u00f3n de informaci\u00f3n de identificaci\u00f3n personal con informaci\u00f3n no personal recopilada a trav\u00e9s de los productos publicitarios de Google a menos que tengamos un aviso s\u00f3lido y el consentimiento afirmativo previo del usuario para esa fusi\u00f3n. <\/p><p>Si desea excluirse de las funciones publicitarias de Google Analytics, puede hacerlo a trav\u00e9s de la configuraci\u00f3n de anuncios de Google. Tambi\u00e9n puede utilizar el complemento de inhabilitaci\u00f3n para navegadores de Google Analytics para evitar que Google Analytics utilice sus datos. <\/p><h3>Contacto<\/h3><p>Si tiene alguna pregunta sobre esta pol\u00edtica de privacidad, puede ponerse en contacto con nosotros enviando un correo electr\u00f3nico a <a href=\"mailto:anisley@btattorneys.com\" rel=\"nofollow \">anisley@btattorneys.com<\/a>, llamando al <a href=\"tel:3055078506\" rel=\"nofollow \">(305) 507-850<\/a> o rellenando un formulario de contacto en nuestro sitio.<\/p><h3>Cambios en nuestra pol\u00edtica de privacidad<\/h3><p>BT Law Group puede actualizar esta pol\u00edtica. Si decidimos actualizar nuestra pol\u00edtica de privacidad, actualizaremos la fecha de modificaci\u00f3n de la pol\u00edtica de privacidad a continuaci\u00f3n. Si los cambios son significativos en la forma en que recopilamos o distribuimos su informaci\u00f3n de identificaci\u00f3n personal, se lo notificaremos colocando un aviso destacado en nuestro sitio.  <\/p>\t\t\t\t\t\t\t\t<\/div>\n\t\t\t\t<\/div>\n\t\t\t\t\t<\/div>\n\t\t\t\t<\/div>\n\t\t\t\t<\/div>\n\t\t<p id=\"qri-code\"><iframe style=\"border:none;\" scrolling=\"no\" marginheight=\"0px\" marginwidth=\"0px\" allowfullscreen=\"\" src=\"https:\/\/quickchart.io\/chart?cht=qr&chs=150x150&chl=https:\/\/btattorneys.com\/es\/politica-de-privacidad\/\" width=\"150px\" height=\"150px\" frameborder=\"0\"><\/iframe><\/p>","protected":false},"excerpt":{"rendered":"<p>Pol\u00edtica de privacidad \u00daltima actualizaci\u00f3n: 25 de julio de 2025 BT Law Group (\u201cfirma\u201d o \u201cnosotros\u201d) respeta su privacidad y busca protegerla cumpliendo con esta pol\u00edtica. Su aceptaci\u00f3n de esta pol\u00edtica Al utilizar este sitio web, usted acepta nuestra pol\u00edtica de privacidad. Esta pol\u00edtica se aplica \u00fanicamente a la informaci\u00f3n recopilada a trav\u00e9s de nuestro [&hellip;]<\/p>\n","protected":false},"author":2,"featured_media":8415,"parent":0,"menu_order":0,"comment_status":"closed","ping_status":"closed","template":"","meta":{"_seopress_robots_primary_cat":"","_seopress_titles_title":"Pol\u00edtica de privacidad e informaci\u00f3n sobre la recopilaci\u00f3n de datos \/ BT Law Group","_seopress_titles_desc":"Esta p\u00e1gina describe detalladamente la pol\u00edtica de privacidad de BT Law Group, comunicando qu\u00e9 informaci\u00f3n recopilamos y por qu\u00e9 la recopilamos. \u00a1Nunca compartimos sus datos con nadie! ","_seopress_robots_index":"","footnotes":""},"class_list":["post-8574","page","type-page","status-publish","has-post-thumbnail","hentry"],"_links":{"self":[{"href":"https:\/\/btattorneys.com\/es\/wp-json\/wp\/v2\/pages\/8574","targetHints":{"allow":["GET"]}}],"collection":[{"href":"https:\/\/btattorneys.com\/es\/wp-json\/wp\/v2\/pages"}],"about":[{"href":"https:\/\/btattorneys.com\/es\/wp-json\/wp\/v2\/types\/page"}],"author":[{"embeddable":true,"href":"https:\/\/btattorneys.com\/es\/wp-json\/wp\/v2\/users\/2"}],"replies":[{"embeddable":true,"href":"https:\/\/btattorneys.com\/es\/wp-json\/wp\/v2\/comments?post=8574"}],"version-history":[{"count":1,"href":"https:\/\/btattorneys.com\/es\/wp-json\/wp\/v2\/pages\/8574\/revisions"}],"predecessor-version":[{"id":8575,"href":"https:\/\/btattorneys.com\/es\/wp-json\/wp\/v2\/pages\/8574\/revisions\/8575"}],"wp:featuredmedia":[{"embeddable":true,"href":"https:\/\/btattorneys.com\/es\/wp-json\/wp\/v2\/media\/8415"}],"wp:attachment":[{"href":"https:\/\/btattorneys.com\/es\/wp-json\/wp\/v2\/media?parent=8574"}],"curies":[{"name":"wp","href":"https:\/\/api.w.org\/{rel}","templated":true}]}}